{"id":2605,"date":"2025-08-26T17:38:02","date_gmt":"2025-08-26T15:38:02","guid":{"rendered":"https:\/\/avecunh.com\/?page_id=2605"},"modified":"2025-08-26T17:38:02","modified_gmt":"2025-08-26T15:38:02","slug":"editos-anciens","status":"publish","type":"page","link":"https:\/\/avecunh.com\/?page_id=2605","title":{"rendered":"Editos anciens"},"content":{"rendered":"\t\t<div data-elementor-type=\"wp-page\" data-elementor-id=\"2605\" class=\"elementor elementor-2605\">\n\t\t\t\t<div class=\"elementor-element elementor-element-bcc1660 e-flex e-con-boxed e-con e-parent\" data-id=\"bcc1660\" data-element_type=\"container\">\n\t\t\t\t\t<div class=\"e-con-inner\">\n\t\t\t\t<div class=\"elementor-element elementor-element-f769eeb elementor-widget elementor-widget-heading\" data-id=\"f769eeb\" data-element_type=\"widget\" data-widget_type=\"heading.default\">\n\t\t\t\t<div class=\"elementor-widget-container\">\n\t\t\t\t\t<h2 class=\"elementor-heading-title elementor-size-default\">La rue \u00e9tait noire de jaune<\/h2>\t\t\t\t<\/div>\n\t\t\t\t<\/div>\n\t\t\t\t\t<\/div>\n\t\t\t\t<\/div>\n\t\t<div class=\"elementor-element elementor-element-c105fbe e-con-full e-flex e-con e-parent\" data-id=\"c105fbe\" data-element_type=\"container\">\n\t\t<div class=\"elementor-element elementor-element-7a2b26b e-con-full e-flex e-con e-child\" data-id=\"7a2b26b\" data-element_type=\"container\">\n\t\t\t\t<div class=\"elementor-element elementor-element-8d126e2 elementor-widget elementor-widget-text-editor\" data-id=\"8d126e2\" data-element_type=\"widget\" data-widget_type=\"text-editor.default\">\n\t\t\t\t<div class=\"elementor-widget-container\">\n\t\t\t\t\t\t\t\t\t<p class=\"western\">Extraits de quelques uns des 500 documents du livre <strong><i>\u00ab\u00a0La rue \u00e9tait noire de jaune\u00a0\u00bb<\/i><\/strong><\/p><p class=\"western\"><span style=\"font-size: medium;\">\u00ab\u00a0<\/span><span style=\"font-size: medium;\">Do r\u00e9 mi fa sol \u2026 la cry mo<br \/><\/span><span style=\"font-size: medium;\">\u00a0\u00a0\u00a0 Les sans dents ont les crocs.<br \/><\/span><span style=\"font-size: medium;\">Pour les riches, des couilles en or, pour les pauvres, des nouilles encore.<br \/><\/span><span style=\"font-size: medium;\">\u00a0\u00a0\u00a0 Travail-famine-p\u00e2tes-riz.<br \/><\/span><span style=\"font-size: medium;\">Soyez vous-m\u00eames, les autres sont d\u00e9j\u00e0 pris.<br \/><\/span><span style=\"font-size: medium;\">\u00a0\u00a0\u00a0 Je n\u2019ai pas vot\u00e9 pour les banques, pourquoi c\u2019est elles qui gouvernent ?<br \/><\/span><span style=\"font-size: medium;\">R\u00e9sultat d\u2019un sondage : une chaussure sur deux serait de gauche.<br \/><\/span><span style=\"font-size: medium;\">\u00a0\u00a0\u00a0 Une \u00e9tude scientifique a d\u00e9montr\u00e9 qu\u2019un militant LREM sur trois est aussi con que les deux autres.<br \/><\/span><span style=\"font-size: medium;\">Avenue des Champs et Gilets.<br \/><\/span><span style=\"font-size: medium;\">\u00a0\u00a0\u00a0 Les CRS ne sont pas nos fils (sign\u00e9 : les putes).<br \/><\/span><span style=\"font-size: medium;\">Ni d\u2019yeux, ni ma\u00eetre !<br \/><\/span><span style=\"font-size: medium;\">\u00a0\u00a0\u00a0 Condol\u00e9ances aux familles des vitrines.<br \/><\/span><span style=\"font-size: medium;\">Fin de moi, d\u00e9but de nous.<br \/><\/span><span style=\"font-size: medium;\">\u00a0\u00a0\u00a0 La presse nous d\u00e9nonce, la police nous d\u00e9fonce, la justice nous enfonce. Allumez, le feu (hommage \u00e0 Jauni).<br \/><\/span><span style=\"font-size: medium;\">Pas de Cartier pour les riches.<br \/><\/span><span style=\"font-size: medium;\">\u00a0\u00a0\u00a0 Merci de laisser l\u2019Etat dans les toilettes o\u00f9 vous l\u2019avez trouv\u00e9 en entrant.<br \/><\/span><span style=\"font-size: medium;\">Le jaune m\u2019\u00e9meute beaucoup.<br \/><\/span><span style=\"font-size: medium;\">\u00a0\u00a0\u00a0 Pour quelques profits de plus, ils tueraient terre et mer. <\/span><span style=\"font-size: medium;\">\u00bb<\/span><\/p>\t\t\t\t\t\t\t\t<\/div>\n\t\t\t\t<\/div>\n\t\t\t\t<\/div>\n\t\t<div class=\"elementor-element elementor-element-e32f6e5 e-con-full e-flex e-con e-child\" data-id=\"e32f6e5\" data-element_type=\"container\">\n\t\t\t\t<div class=\"elementor-element elementor-element-19f39fa elementor-widget elementor-widget-image\" data-id=\"19f39fa\" data-element_type=\"widget\" data-widget_type=\"image.default\">\n\t\t\t\t<div class=\"elementor-widget-container\">\n\t\t\t\t\t\t\t\t\t\t\t\t\t\t\t<img fetchpriority=\"high\" decoding=\"async\" width=\"1024\" height=\"576\" src=\"https:\/\/avecunh.com\/wp-content\/uploads\/2025\/08\/GiletsJaunes-1024x576.jpeg\" class=\"attachment-large size-large wp-image-2553\" alt=\"\" srcset=\"https:\/\/avecunh.com\/wp-content\/uploads\/2025\/08\/GiletsJaunes-1024x576.jpeg 1024w, https:\/\/avecunh.com\/wp-content\/uploads\/2025\/08\/GiletsJaunes-300x169.jpeg 300w, https:\/\/avecunh.com\/wp-content\/uploads\/2025\/08\/GiletsJaunes-768x432.jpeg 768w, https:\/\/avecunh.com\/wp-content\/uploads\/2025\/08\/GiletsJaunes-1536x864.jpeg 1536w, https:\/\/avecunh.com\/wp-content\/uploads\/2025\/08\/GiletsJaunes.jpeg 1820w\" sizes=\"(max-width: 1024px) 100vw, 1024px\" \/>\t\t\t\t\t\t\t\t\t\t\t\t\t\t\t<\/div>\n\t\t\t\t<\/div>\n\t\t\t\t<\/div>\n\t\t\t\t<\/div>\n\t\t\t\t<\/div>\n\t\t","protected":false},"excerpt":{"rendered":"<p>La rue \u00e9tait noire de jaune Extraits de quelques uns des 500 documents du livre \u00ab\u00a0La rue \u00e9tait noire de [&hellip;]<\/p>\n","protected":false},"author":1,"featured_media":0,"parent":0,"menu_order":0,"comment_status":"closed","ping_status":"closed","template":"","meta":{"site-sidebar-layout":"no-sidebar","site-content-layout":"","ast-site-content-layout":"full-width-container","site-content-style":"default","site-sidebar-style":"default","ast-global-header-display":"","ast-banner-title-visibility":"","ast-main-header-display":"","ast-hfb-above-header-display":"","ast-hfb-below-header-display":"","ast-hfb-mobile-header-display":"","site-post-title":"disabled","ast-breadcrumbs-content":"","ast-featured-img":"disabled","footer-sml-layout":"","theme-transparent-header-meta":"","adv-header-id-meta":"","stick-header-meta":"","header-above-stick-meta":"","header-main-stick-meta":"","header-below-stick-meta":"","astra-migrate-meta-layouts":"default","ast-page-background-enabled":"default","ast-page-background-meta":{"desktop":{"background-color":"var(--ast-global-color-4)","background-image":"","background-repeat":"repeat","background-position":"center center","background-size":"auto","background-attachment":"scroll","background-type":"","background-media":"","overlay-type":"","overlay-color":"","overlay-gradient":""},"tablet":{"background-color":"","background-image":"","background-repeat":"repeat","background-position":"center center","background-size":"auto","background-attachment":"scroll","background-type":"","background-media":"","overlay-type":"","overlay-color":"","overlay-gradient":""},"mobile":{"background-color":"","background-image":"","background-repeat":"repeat","background-position":"center center","background-size":"auto","background-attachment":"scroll","background-type":"","background-media":"","overlay-type":"","overlay-color":"","overlay-gradient":""}},"ast-content-background-meta":{"desktop":{"background-color":"var(--ast-global-color-5)","background-image":"","background-repeat":"repeat","background-position":"center center","background-size":"auto","background-attachment":"scroll","background-type":"","background-media":"","overlay-type":"","overlay-color":"","overlay-gradient":""},"tablet":{"background-color":"var(--ast-global-color-5)","background-image":"","background-repeat":"repeat","background-position":"center center","background-size":"auto","background-attachment":"scroll","background-type":"","background-media":"","overlay-type":"","overlay-color":"","overlay-gradient":""},"mobile":{"background-color":"var(--ast-global-color-5)","background-image":"","background-repeat":"repeat","background-position":"center center","background-size":"auto","background-attachment":"scroll","background-type":"","background-media":"","overlay-type":"","overlay-color":"","overlay-gradient":""}},"footnotes":""},"class_list":["post-2605","page","type-page","status-publish","hentry"],"_hostinger_reach_plugin_has_subscription_block":false,"_hostinger_reach_plugin_is_elementor":false,"_links":{"self":[{"href":"https:\/\/avecunh.com\/index.php?rest_route=\/wp\/v2\/pages\/2605","targetHints":{"allow":["GET"]}}],"collection":[{"href":"https:\/\/avecunh.com\/index.php?rest_route=\/wp\/v2\/pages"}],"about":[{"href":"https:\/\/avecunh.com\/index.php?rest_route=\/wp\/v2\/types\/page"}],"author":[{"embeddable":true,"href":"https:\/\/avecunh.com\/index.php?rest_route=\/wp\/v2\/users\/1"}],"replies":[{"embeddable":true,"href":"https:\/\/avecunh.com\/index.php?rest_route=%2Fwp%2Fv2%2Fcomments&post=2605"}],"version-history":[{"count":1,"href":"https:\/\/avecunh.com\/index.php?rest_route=\/wp\/v2\/pages\/2605\/revisions"}],"predecessor-version":[{"id":2626,"href":"https:\/\/avecunh.com\/index.php?rest_route=\/wp\/v2\/pages\/2605\/revisions\/2626"}],"wp:attachment":[{"href":"https:\/\/avecunh.com\/index.php?rest_route=%2Fwp%2Fv2%2Fmedia&parent=2605"}],"curies":[{"name":"wp","href":"https:\/\/api.w.org\/{rel}","templated":true}]}}