{"id":2521,"date":"2025-08-22T11:36:13","date_gmt":"2025-08-22T09:36:13","guid":{"rendered":"https:\/\/avecunh.com\/?page_id=2521"},"modified":"2026-01-06T15:39:47","modified_gmt":"2026-01-06T14:39:47","slug":"edito","status":"publish","type":"page","link":"https:\/\/avecunh.com\/?page_id=2521","title":{"rendered":"Edito"},"content":{"rendered":"\t\t<div data-elementor-type=\"wp-page\" data-elementor-id=\"2521\" class=\"elementor elementor-2521\">\n\t\t\t\t<div class=\"elementor-element elementor-element-bcc1660 e-flex e-con-boxed e-con e-parent\" data-id=\"bcc1660\" data-element_type=\"container\">\n\t\t\t\t\t<div class=\"e-con-inner\">\n\t\t\t\t<div class=\"elementor-element elementor-element-f769eeb elementor-widget elementor-widget-heading\" data-id=\"f769eeb\" data-element_type=\"widget\" data-widget_type=\"heading.default\">\n\t\t\t\t<div class=\"elementor-widget-container\">\n\t\t\t\t\t<h2 class=\"elementor-heading-title elementor-size-default\">La m\u00e9taphore du train<\/h2>\t\t\t\t<\/div>\n\t\t\t\t<\/div>\n\t\t\t\t\t<\/div>\n\t\t\t\t<\/div>\n\t\t<div class=\"elementor-element elementor-element-c105fbe e-con-full e-flex e-con e-parent\" data-id=\"c105fbe\" data-element_type=\"container\">\n\t\t<div class=\"elementor-element elementor-element-7a2b26b e-con-full e-flex e-con e-child\" data-id=\"7a2b26b\" data-element_type=\"container\">\n\t\t\t\t<div class=\"elementor-element elementor-element-8d126e2 elementor-widget elementor-widget-text-editor\" data-id=\"8d126e2\" data-element_type=\"widget\" data-widget_type=\"text-editor.default\">\n\t\t\t\t<div class=\"elementor-widget-container\">\n\t\t\t\t\t\t\t\t\t<p class=\"western\"><span style=\"font-size: medium;\">A la naissance, on monte dans le train et on rencontre nos parents\u00a0; on croit qu&rsquo;ils voyageront toujours avec nous.<br \/><\/span><span style=\"font-size: medium;\">Pourtant, \u00e0 une station nos parents descendront du train, nous laissant seuls continuer le voyage.<\/span><\/p><p class=\"western\"><span style=\"font-size: medium;\">Le temps passera, d&rsquo;autres personnes monteront dans le train, comme notre fratrie, nos amis, nos enfants, l&rsquo;amour de notre vie.<br \/><\/span><span style=\"font-size: medium;\">Beaucoup d\u00e9missionneront, peut-\u00eatre m\u00eame l&rsquo;amour de notre vie, et laisseront un vide plus ou moins grand.<br \/><\/span><span style=\"font-size: medium;\">D&rsquo;autres seront si discrets qu&rsquo;on ne r\u00e9alisera pas qu&rsquo;ils ont quitt\u00e9 leur si\u00e8ge.<\/span><\/p><p class=\"western\"><span style=\"font-size: medium;\">Ce voyage en train sera plein de joies, de peines, d&rsquo;attentes, de bonjours, d&rsquo;au-revoir et d&rsquo;adieux.<br \/><\/span><span style=\"font-size: medium;\">L\u2019important sera d&rsquo;avoir de bonnes relations avec tous les passagers, en donnant le meilleur de nous-m\u00eames.<\/span><\/p><p class=\"western\"><span style=\"font-size: medium;\">On ne saura pas \u00e0 l\u2019avance \u00e0 quelle station nous descendrons.<br \/><\/span><span style=\"font-size: medium;\">Nous devront vivre heureux, aimer et pardonner, car lorsque nous descendrons du train, nous devrions ne laisser que des beaux souvenirs a ceux qui continuent leur voyage.<br \/><\/span><span style=\"font-size: medium;\">Soyons heureux avec ce et ceux que nous avons et remercions le ciel de ce voyage fantastique.<\/span><\/p><p class=\"western\"><span style=\"font-size: medium;\">Ainsi donc merci d&rsquo;\u00eatre un des passagers de mon train.<\/span><\/p><p class=\"western\"><span style=\"font-size: medium;\"><strong>Et si je dois descendre \u00e0 la prochaine station, je suis content d&rsquo;avoir fait un bout de chemin avec toi.<\/strong> <\/span><\/p>\t\t\t\t\t\t\t\t<\/div>\n\t\t\t\t<\/div>\n\t\t\t\t<\/div>\n\t\t<div class=\"elementor-element elementor-element-e32f6e5 e-con-full e-flex e-con e-child\" data-id=\"e32f6e5\" data-element_type=\"container\">\n\t\t\t\t<div class=\"elementor-element elementor-element-19f39fa elementor-widget elementor-widget-image\" data-id=\"19f39fa\" data-element_type=\"widget\" data-widget_type=\"image.default\">\n\t\t\t\t<div class=\"elementor-widget-container\">\n\t\t\t\t\t\t\t\t\t\t\t\t\t\t\t<img fetchpriority=\"high\" decoding=\"async\" width=\"1024\" height=\"682\" src=\"https:\/\/avecunh.com\/wp-content\/uploads\/2026\/01\/CheminDeFer-1024x682.jpg\" class=\"attachment-large size-large wp-image-3019\" alt=\"\" srcset=\"https:\/\/avecunh.com\/wp-content\/uploads\/2026\/01\/CheminDeFer-1024x682.jpg 1024w, https:\/\/avecunh.com\/wp-content\/uploads\/2026\/01\/CheminDeFer-300x200.jpg 300w, https:\/\/avecunh.com\/wp-content\/uploads\/2026\/01\/CheminDeFer-768x511.jpg 768w, https:\/\/avecunh.com\/wp-content\/uploads\/2026\/01\/CheminDeFer.jpg 1200w\" sizes=\"(max-width: 1024px) 100vw, 1024px\" \/>\t\t\t\t\t\t\t\t\t\t\t\t\t\t\t<\/div>\n\t\t\t\t<\/div>\n\t\t\t\t<\/div>\n\t\t\t\t<\/div>\n\t\t\t\t<\/div>\n\t\t","protected":false},"excerpt":{"rendered":"<p>La m\u00e9taphore du train A la naissance, on monte dans le train et on rencontre nos parents\u00a0; on croit qu&rsquo;ils [&hellip;]<\/p>\n","protected":false},"author":1,"featured_media":0,"parent":0,"menu_order":0,"comment_status":"closed","ping_status":"closed","template":"","meta":{"site-sidebar-layout":"no-sidebar","site-content-layout":"","ast-site-content-layout":"full-width-container","site-content-style":"default","site-sidebar-style":"default","ast-global-header-display":"","ast-banner-title-visibility":"","ast-main-header-display":"","ast-hfb-above-header-display":"","ast-hfb-below-header-display":"","ast-hfb-mobile-header-display":"","site-post-title":"disabled","ast-breadcrumbs-content":"","ast-featured-img":"disabled","footer-sml-layout":"","theme-transparent-header-meta":"","adv-header-id-meta":"","stick-header-meta":"","header-above-stick-meta":"","header-main-stick-meta":"","header-below-stick-meta":"","astra-migrate-meta-layouts":"default","ast-page-background-enabled":"default","ast-page-background-meta":{"desktop":{"background-color":"var(--ast-global-color-4)","background-image":"","background-repeat":"repeat","background-position":"center center","background-size":"auto","background-attachment":"scroll","background-type":"","background-media":"","overlay-type":"","overlay-color":"","overlay-gradient":""},"tablet":{"background-color":"","background-image":"","background-repeat":"repeat","background-position":"center center","background-size":"auto","background-attachment":"scroll","background-type":"","background-media":"","overlay-type":"","overlay-color":"","overlay-gradient":""},"mobile":{"background-color":"","background-image":"","background-repeat":"repeat","background-position":"center center","background-size":"auto","background-attachment":"scroll","background-type":"","background-media":"","overlay-type":"","overlay-color":"","overlay-gradient":""}},"ast-content-background-meta":{"desktop":{"background-color":"var(--ast-global-color-5)","background-image":"","background-repeat":"repeat","background-position":"center center","background-size":"auto","background-attachment":"scroll","background-type":"","background-media":"","overlay-type":"","overlay-color":"","overlay-gradient":""},"tablet":{"background-color":"var(--ast-global-color-5)","background-image":"","background-repeat":"repeat","background-position":"center center","background-size":"auto","background-attachment":"scroll","background-type":"","background-media":"","overlay-type":"","overlay-color":"","overlay-gradient":""},"mobile":{"background-color":"var(--ast-global-color-5)","background-image":"","background-repeat":"repeat","background-position":"center center","background-size":"auto","background-attachment":"scroll","background-type":"","background-media":"","overlay-type":"","overlay-color":"","overlay-gradient":""}},"footnotes":""},"class_list":["post-2521","page","type-page","status-publish","hentry"],"_hostinger_reach_plugin_has_subscription_block":false,"_hostinger_reach_plugin_is_elementor":false,"_links":{"self":[{"href":"https:\/\/avecunh.com\/index.php?rest_route=\/wp\/v2\/pages\/2521","targetHints":{"allow":["GET"]}}],"collection":[{"href":"https:\/\/avecunh.com\/index.php?rest_route=\/wp\/v2\/pages"}],"about":[{"href":"https:\/\/avecunh.com\/index.php?rest_route=\/wp\/v2\/types\/page"}],"author":[{"embeddable":true,"href":"https:\/\/avecunh.com\/index.php?rest_route=\/wp\/v2\/users\/1"}],"replies":[{"embeddable":true,"href":"https:\/\/avecunh.com\/index.php?rest_route=%2Fwp%2Fv2%2Fcomments&post=2521"}],"version-history":[{"count":85,"href":"https:\/\/avecunh.com\/index.php?rest_route=\/wp\/v2\/pages\/2521\/revisions"}],"predecessor-version":[{"id":3028,"href":"https:\/\/avecunh.com\/index.php?rest_route=\/wp\/v2\/pages\/2521\/revisions\/3028"}],"wp:attachment":[{"href":"https:\/\/avecunh.com\/index.php?rest_route=%2Fwp%2Fv2%2Fmedia&parent=2521"}],"curies":[{"name":"wp","href":"https:\/\/api.w.org\/{rel}","templated":true}]}}